{"id":2433,"date":"2025-02-10T11:43:00","date_gmt":"2025-02-10T10:43:00","guid":{"rendered":"https:\/\/a-joint.uk\/?page_id=2433"},"modified":"2025-02-10T11:43:33","modified_gmt":"2025-02-10T10:43:33","slug":"stuetzpunkthaendler-werden","status":"publish","type":"page","link":"https:\/\/a-joint.uk\/it\/stuetzpunkthaendler-werden\/","title":{"rendered":"Diventa un rivenditore autorizzato"},"content":{"rendered":"<div data-elementor-type=\"wp-page\" data-elementor-id=\"2433\" class=\"elementor elementor-2433\">\n\t\t\t\t\t\t<section class=\"elementor-section elementor-top-section elementor-element elementor-element-edc95e6 elementor-section-boxed elementor-section-height-default elementor-section-height-default\" data-id=\"edc95e6\" data-element_type=\"section\" data-e-type=\"section\">\n\t\t\t\t\t\t<div class=\"elementor-container elementor-column-gap-default\">\n\t\t\t\t\t<div class=\"elementor-column elementor-col-100 elementor-top-column elementor-element elementor-element-12b3d7c\" data-id=\"12b3d7c\" data-element_type=\"column\" data-e-type=\"column\">\n\t\t\t<div class=\"elementor-widget-wrap\">\n\t\t\t\t\t\t\t<\/div>\n\t\t<\/div>\n\t\t\t\t\t<\/div>\n\t\t<\/section>\n\t\t\t\t<section class=\"elementor-section elementor-top-section elementor-element elementor-element-2f68df8 elementor-section-boxed elementor-section-height-default elementor-section-height-default\" data-id=\"2f68df8\" data-element_type=\"section\" data-e-type=\"section\">\n\t\t\t\t\t\t<div class=\"elementor-container elementor-column-gap-default\">\n\t\t\t\t\t<div class=\"elementor-column elementor-col-50 elementor-top-column elementor-element elementor-element-648b0ef\" data-id=\"648b0ef\" data-element_type=\"column\" data-e-type=\"column\">\n\t\t\t<div class=\"elementor-widget-wrap elementor-element-populated\">\n\t\t\t\t\t\t<div class=\"elementor-element elementor-element-b21f177 elementor-widget elementor-widget-contact-info\" data-id=\"b21f177\" data-element_type=\"widget\" data-e-type=\"widget\" data-widget_type=\"contact-info.default\">\n\t\t\t\t<div class=\"elementor-widget-container\">\n\t\t\t\t\t\t\t<div class=\"contact-info\">\n\t\t\t<div class=\"contact-info-inner\">\n\t\t\t\t<!-- TITLE START-->\n\t\t\t\t<div class=\"section-head left wt-small-separator-outer\">\n\t\t\t\t\t<div class=\"wt-small-separator site-text-primary\">\n\t\t\t\t\t\t<div class=\"sep-leaf-left\"><\/div>\n\t\t\t\t\t\t<div> Non vediamo l'ora di vedervi!<\/div>\n\t\t\t\t\t\t<div class=\"sep-leaf-right\"><\/div>\n\t\t\t\t\t<\/div>\n\t\t\t\t\t<h2>Contatto<\/h2>\n\t\t\t\t\t\n\t\t\t\t<\/div>\n\t\t\t\t<!-- TITLE END-->\n\t\t\t\t<div class=\"contact-info-section\">  \n\t\t\t\t\t\t\n\t\t\t\t\t\t<div class=\"wt-icon-box-wraper left m-b30\">\n\t\t\t\t\t\t\t<div class=\"icon-content\">\n\t\t\t\t\t\t\t\t<span class=\"m-t0\">Numero di telefono<\/span>\n\t\t\t\t\t\t\t\t<p><p class=\"p1\">01909772302<\/p><\/p>\n\t\t\t\t\t\t\t<\/div>\n\t\t\t\t\t\t<\/div>\n\t\t\t\t\t\t\t\n\t\t\t\t\t\t<div class=\"wt-icon-box-wraper left m-b30\">\n\t\t\t\t\t\t\t<div class=\"icon-content\">\n\t\t\t\t\t\t\t\t<span class=\"m-t0\">Indirizzo e-mail<\/span>\n\t\t\t\t\t\t\t\t<p>info@a-joint.uk<\/p>\n\t\t\t\t\t\t\t<\/div>\n\t\t\t\t\t\t<\/div>\n\t\t\t\t\t\t\t\n\t\t\t\t\t\t<div class=\"wt-icon-box-wraper left m-b30\">\n\t\t\t\t\t\t\t<div class=\"icon-content\">\n\t\t\t\t\t\t\t\t<span class=\"m-t0\">Indirizzo<\/span>\n\t\t\t\t\t\t\t\t<p><p>A.Cowley &amp; Sons Ltd<br \/>Turnerwood<br \/>No Thorpe Salvin<br \/>S80 3LA Worksop, Nottinghamshire<\/p><\/p>\n\t\t\t\t\t\t\t<\/div>\n\t\t\t\t\t\t<\/div>\n\t\t\t\t\t\t\t\n\t\t\t\t\t\t<div class=\"wt-icon-box-wraper left\">\n\t\t\t\t\t\t\t<div class=\"icon-content\">\n\t\t\t\t\t\t\t\t<span class=\"m-t0\">Orari di apertura<\/span>\n\t\t\t\t\t\t\t\t<p><p>Monday \u2013 Friday\u00a0 8:00 am until 4:30 pm<\/p><p>Saturday\u00a0 \u00a0 \u00a0 \u00a0 \u00a0 \u00a0 \u00a0 \u00a08:00 am until 1:00 pm<\/p><\/p>\n\t\t\t\t\t\t\t<\/div>\n\t\t\t\t\t\t<\/div>\n\t\t\t\t\t\t\t\t\t\t<\/div>\n\t\t\t<\/div>\n\t\t<\/div>\n\t\t\t\t\t\t<\/div>\n\t\t\t\t<\/div>\n\t\t\t\t\t<\/div>\n\t\t<\/div>\n\t\t\t\t<div class=\"elementor-column elementor-col-50 elementor-top-column elementor-element elementor-element-6f08a64\" data-id=\"6f08a64\" data-element_type=\"column\" data-e-type=\"column\">\n\t\t\t<div class=\"elementor-widget-wrap elementor-element-populated\">\n\t\t\t\t\t\t<div class=\"elementor-element elementor-element-7d89561 elementor-widget elementor-widget-shortcode\" data-id=\"7d89561\" data-element_type=\"widget\" data-e-type=\"widget\" data-widget_type=\"shortcode.default\">\n\t\t\t\t<div class=\"elementor-widget-container\">\n\t\t\t\t\t\t\t<div class=\"elementor-shortcode\">\n<div class=\"wpcf7 no-js\" id=\"wpcf7-f2432-o1\" lang=\"de-DE\" dir=\"ltr\" data-wpcf7-id=\"2432\">\n<div class=\"screen-reader-response\"><p role=\"status\" aria-live=\"polite\" aria-atomic=\"true\"><\/p> <ul><\/ul><\/div>\n<form action=\"\/it\/wp-json\/wp\/v2\/pages\/2433#wpcf7-f2432-o1\" method=\"post\" class=\"wpcf7-form init\" aria-label=\"Kontaktformular\" novalidate=\"novalidate\" data-status=\"init\" data-trp-original-action=\"\/it\/wp-json\/wp\/v2\/pages\/2433#wpcf7-f2432-o1\">\n<fieldset class=\"hidden-fields-container\"><input type=\"hidden\" name=\"_wpcf7\" value=\"2432\" \/><input type=\"hidden\" name=\"_wpcf7_version\" value=\"6.1.5\" \/><input type=\"hidden\" name=\"_wpcf7_locale\" value=\"de_DE\" \/><input type=\"hidden\" name=\"_wpcf7_unit_tag\" value=\"wpcf7-f2432-o1\" \/><input type=\"hidden\" name=\"_wpcf7_container_post\" value=\"0\" \/><input type=\"hidden\" name=\"_wpcf7_posted_data_hash\" value=\"\" \/>\n<\/fieldset>\n<div class=\"cons-contact-form\">\n\t<div class=\"section-head left wt-small-separator-outer\">\n\t\t<div class=\"wt-small-separator site-text-primary\">\n\t\t\t<div class=\"sep-leaf-left\">\n\t\t\t<\/div>\n\t\t\t<div>\n\t\t\t\t<p>Sie m\u00f6chten St\u00fctzpunkth\u00e4ndler werden?\n\t\t\t\t<\/p>\n\t\t\t<\/div>\n\t\t\t<div class=\"sep-leaf-right\">\n\t\t\t<\/div>\n\t\t<\/div>\n\t\t<h2>Scrivici\n\t\t<\/h2>\n\t<\/div>\n\t<div class=\"row\">\n\t\t<div class=\"col-lg-12 col-md-12\">\n\t\t\t<div class=\"form-group\">\n\t\t\t\t<p><span class=\"wpcf7-form-control-wrap\" data-name=\"text-744\"><input size=\"40\" maxlength=\"400\" class=\"wpcf7-form-control wpcf7-text form-control\" aria-invalid=\"false\" placeholder=\"Nome\" value=\"\" type=\"text\" name=\"text-744\" \/><\/span><br \/>\n<span class=\"wpcf7-form-control-wrap\" data-name=\"Unternehmen\"><input size=\"40\" maxlength=\"400\" class=\"wpcf7-form-control wpcf7-text wpcf7-validates-as-required form-control\" aria-required=\"true\" aria-invalid=\"false\" placeholder=\"Unternehmen\" value=\"\" type=\"text\" name=\"Unternehmen\" \/><\/span>\n\t\t\t\t<\/p>\n\t\t\t<\/div>\n\t\t<\/div>\n\t\t<div class=\"col-lg-12 col-md-12\">\n\t\t\t<div class=\"form-group\">\n\t\t\t\t<p><span class=\"wpcf7-form-control-wrap\" data-name=\"email-938\"><input size=\"40\" maxlength=\"400\" class=\"wpcf7-form-control wpcf7-email wpcf7-text wpcf7-validates-as-email form-control\" aria-invalid=\"false\" placeholder=\"E-Mail\" value=\"\" type=\"email\" name=\"email-938\" \/><\/span><br \/>\n<span class=\"wpcf7-form-control-wrap\" data-name=\"Webseite\"><input size=\"40\" maxlength=\"400\" class=\"wpcf7-form-control wpcf7-url wpcf7-text wpcf7-validates-as-url form-control\" aria-invalid=\"false\" placeholder=\"Webseite\" value=\"\" type=\"url\" name=\"Webseite\" \/><\/span>\n\t\t\t\t<\/p>\n\t\t\t<\/div>\n\t\t<\/div>\n\t\t<div class=\"col-lg-12 col-md-12\">\n\t\t\t<div class=\"form-group\">\n\t\t\t\t<p><span class=\"wpcf7-form-control-wrap\" data-name=\"text-745\"><input size=\"40\" maxlength=\"400\" class=\"wpcf7-form-control wpcf7-text form-control\" aria-invalid=\"false\" placeholder=\"Oggetto\" value=\"\" type=\"text\" name=\"text-745\" \/><\/span>\n\t\t\t\t<\/p>\n\t\t\t<\/div>\n\t\t<\/div>\n\t\t<div class=\"col-md-12\">\n\t\t\t<div class=\"form-group\">\n\t\t\t\t<p><span class=\"wpcf7-form-control-wrap\" data-name=\"textarea-961\"><textarea cols=\"40\" rows=\"10\" maxlength=\"2000\" class=\"wpcf7-form-control wpcf7-textarea form-control\" aria-invalid=\"false\" placeholder=\"Message\" name=\"textarea-961\"><\/textarea><\/span>\n\t\t\t\t<\/p>\n\t\t\t<\/div>\n\t\t<\/div>\n\t\t<p><span class=\"wpcf7-form-control-wrap kc_captcha\" data-name=\"kc_captcha\"><span class=\"wpcf7-form-control wpcf7-radio\"><span class=\"captcha-image\" ><span class=\"cf7ic_instructions\">Bitte beweise, dass du kein Spambot bist und w\u00e4hle das Symbol<span> Haus<\/span>.<\/span><label><input aria-label=\"1\" type=\"radio\" name=\"kc_captcha\" value=\"bot\" \/><svg aria-hidden=\"true\" role=\"img\" xmlns=\"http:\/\/www.w3.org\/2000\/svg\" viewbox=\"0 0 576 512\"><path fill=\"currentColor\" d=\"M415 24c-53 0-103 42-127 65-24-23-74-65-127-65C70 24 16 77 16 166c0 72 67 133 69 135l187 181c9 8 23 8 32 0l187-180c2-3 69-64 69-136 0-89-54-142-145-142z\"\/><\/svg><\/label><label><input aria-label=\"2\" type=\"radio\" name=\"kc_captcha\" value=\"kc_human\" \/><svg aria-hidden=\"true\" role=\"img\" xmlns=\"http:\/\/www.w3.org\/2000\/svg\" viewbox=\"0 0 576 512\"><path fill=\"currentColor\" d=\"M488 313v143c0 13-11 24-24 24H348c-7 0-12-5-12-12V356c0-7-5-12-12-12h-72c-7 0-12 5-12 12v112c0 7-5 12-12 12H112c-13 0-24-11-24-24V313c0-4 2-7 4-10l188-154c5-4 11-4 16 0l188 154c2 3 4 6 4 10zm84-61l-84-69V44c0-6-5-12-12-12h-56c-7 0-12 6-12 12v73l-89-74a48 48 0 00-61 0L4 252c-5 4-5 12-1 17l25 31c5 5 12 5 17 1l235-193c5-4 11-4 16 0l235 193c5 5 13 4 17-1l25-31c4-6 4-13-1-17z\"\/><\/svg><\/label><label><input aria-label=\"3\" type=\"radio\" name=\"kc_captcha\" value=\"bot\" \/><svg aria-hidden=\"true\" role=\"img\" xmlns=\"http:\/\/www.w3.org\/2000\/svg\" viewbox=\"0 0 512 512\"><path fill=\"currentColor\" d=\"M512 176a176 176 0 01-209 173l-24 27a24 24 0 01-18 8h-37v40c0 13-11 24-24 24h-40v40c0 13-11 24-24 24H24c-13 0-24-11-24-24v-78c0-6 3-13 7-17l162-162a176 176 0 11343-55zm-176-48a48 48 0 1096 0 48 48 0 00-96 0z\"\/><\/svg><\/label>\r\n    <\/span>\r\n    <span style=\"display:none\">\r\n        <input type=\"text\" name=\"kc_honeypot\">\r\n    <\/span><\/span><\/span>\n\t\t<\/p>\n\t\t<div class=\"col-md-12\">\n\t\t\t<p><input class=\"wpcf7-form-control wpcf7-submit has-spinner site-button site-btn-effect\" type=\"submit\" value=\"Inviare\" \/>\n\t\t\t<\/p>\n\t\t<\/div>\n\t<\/div>\n<\/div><div class=\"wpcf7-response-output\" aria-hidden=\"true\"><\/div>\n<input type=\"hidden\" name=\"trp-form-language\" value=\"it\"\/><\/form>\n<\/div>\n<\/div>\n\t\t\t\t\t\t<\/div>\n\t\t\t\t<\/div>\n\t\t\t\t\t<\/div>\n\t\t<\/div>\n\t\t\t\t\t<\/div>\n\t\t<\/section>\n\t\t\t\t<\/div>","protected":false},"excerpt":{"rendered":"<p>Wir freuen uns auf Sie! Kontakt Telefonnummer 01909772302 E-Mail Adresse info@a-joint.uk Anschrift A.Cowley &amp; Sons LtdTurnerwoodNr Thorpe SalvinS80 3LA Worksop, Nottinghamshire \u00d6ffnungszeiten Monday \u2013 Friday\u00a0 8:00 am until 4:30 pm Saturday\u00a0 \u00a0 \u00a0 \u00a0 \u00a0 \u00a0 \u00a0 \u00a08:00 am until 1:00 pm<\/p>","protected":false},"author":1,"featured_media":0,"parent":0,"menu_order":0,"comment_status":"closed","ping_status":"closed","template":"","meta":{"footnotes":""},"class_list":["post-2433","page","type-page","status-publish","hentry"],"acf":[],"yoast_head":"<!-- This site is optimized with the Yoast SEO plugin v27.3 - https:\/\/yoast.com\/product\/yoast-seo-wordpress\/ -->\n<title>St\u00fctzpunkth\u00e4ndler werden - A-Joint<\/title>\n<meta name=\"robots\" content=\"index, follow, max-snippet:-1, max-image-preview:large, max-video-preview:-1\" \/>\n<link rel=\"canonical\" href=\"https:\/\/a-joint.uk\/it\/stuetzpunkthaendler-werden\/\" \/>\n<meta property=\"og:locale\" content=\"it_IT\" \/>\n<meta property=\"og:type\" content=\"article\" \/>\n<meta property=\"og:title\" content=\"St\u00fctzpunkth\u00e4ndler werden - A-Joint\" \/>\n<meta property=\"og:description\" content=\"Wir freuen uns auf Sie! Kontakt Telefonnummer 01909772302 E-Mail Adresse info@a-joint.uk Anschrift A.Cowley &amp; Sons LtdTurnerwoodNr Thorpe SalvinS80 3LA Worksop, Nottinghamshire \u00d6ffnungszeiten Monday \u2013 Friday\u00a0 8:00 am until 4:30 pm Saturday\u00a0 \u00a0 \u00a0 \u00a0 \u00a0 \u00a0 \u00a0 \u00a08:00 am until 1:00 pm\" \/>\n<meta property=\"og:url\" content=\"https:\/\/a-joint.uk\/it\/stuetzpunkthaendler-werden\/\" \/>\n<meta property=\"og:site_name\" content=\"A-Joint\" \/>\n<meta property=\"article:modified_time\" content=\"2025-02-10T10:43:33+00:00\" \/>\n<meta name=\"twitter:card\" content=\"summary_large_image\" \/>\n<meta name=\"twitter:label1\" content=\"Tempo di lettura stimato\" \/>\n\t<meta name=\"twitter:data1\" content=\"1 minuto\" \/>\n<script type=\"application\/ld+json\" class=\"yoast-schema-graph\">{\"@context\":\"https:\\\/\\\/schema.org\",\"@graph\":[{\"@type\":\"WebPage\",\"@id\":\"https:\\\/\\\/a-joint.uk\\\/stuetzpunkthaendler-werden\\\/\",\"url\":\"https:\\\/\\\/a-joint.uk\\\/stuetzpunkthaendler-werden\\\/\",\"name\":\"St\u00fctzpunkth\u00e4ndler werden - A-Joint\",\"isPartOf\":{\"@id\":\"https:\\\/\\\/a-joint.uk\\\/#website\"},\"datePublished\":\"2025-02-10T10:43:00+00:00\",\"dateModified\":\"2025-02-10T10:43:33+00:00\",\"breadcrumb\":{\"@id\":\"https:\\\/\\\/a-joint.uk\\\/stuetzpunkthaendler-werden\\\/#breadcrumb\"},\"inLanguage\":\"it-IT\",\"potentialAction\":[{\"@type\":\"ReadAction\",\"target\":[\"https:\\\/\\\/a-joint.uk\\\/stuetzpunkthaendler-werden\\\/\"]}]},{\"@type\":\"BreadcrumbList\",\"@id\":\"https:\\\/\\\/a-joint.uk\\\/stuetzpunkthaendler-werden\\\/#breadcrumb\",\"itemListElement\":[{\"@type\":\"ListItem\",\"position\":1,\"name\":\"Startseite\",\"item\":\"https:\\\/\\\/a-joint.uk\\\/\"},{\"@type\":\"ListItem\",\"position\":2,\"name\":\"St\u00fctzpunkth\u00e4ndler werden\"}]},{\"@type\":\"WebSite\",\"@id\":\"https:\\\/\\\/a-joint.uk\\\/#website\",\"url\":\"https:\\\/\\\/a-joint.uk\\\/\",\"name\":\"A-Joint\",\"description\":\"Die Perfekte Fuge\",\"publisher\":{\"@id\":\"https:\\\/\\\/a-joint.uk\\\/#organization\"},\"potentialAction\":[{\"@type\":\"SearchAction\",\"target\":{\"@type\":\"EntryPoint\",\"urlTemplate\":\"https:\\\/\\\/a-joint.uk\\\/?s={search_term_string}\"},\"query-input\":{\"@type\":\"PropertyValueSpecification\",\"valueRequired\":true,\"valueName\":\"search_term_string\"}}],\"inLanguage\":\"it-IT\"},{\"@type\":\"Organization\",\"@id\":\"https:\\\/\\\/a-joint.uk\\\/#organization\",\"name\":\"A-JOINT GmbH\",\"url\":\"https:\\\/\\\/a-joint.uk\\\/\",\"logo\":{\"@type\":\"ImageObject\",\"inLanguage\":\"it-IT\",\"@id\":\"https:\\\/\\\/a-joint.uk\\\/#\\\/schema\\\/logo\\\/image\\\/\",\"url\":\"https:\\\/\\\/a-joint.uk\\\/wp-content\\\/uploads\\\/2022\\\/03\\\/Logo-maintenance-120x305-1.png\",\"contentUrl\":\"https:\\\/\\\/a-joint.uk\\\/wp-content\\\/uploads\\\/2022\\\/03\\\/Logo-maintenance-120x305-1.png\",\"width\":305,\"height\":120,\"caption\":\"A-JOINT GmbH\"},\"image\":{\"@id\":\"https:\\\/\\\/a-joint.uk\\\/#\\\/schema\\\/logo\\\/image\\\/\"}}]}<\/script>\n<!-- \/ Yoast SEO plugin. -->","yoast_head_json":{"title":"St\u00fctzpunkth\u00e4ndler werden - A-Joint","robots":{"index":"index","follow":"follow","max-snippet":"max-snippet:-1","max-image-preview":"max-image-preview:large","max-video-preview":"max-video-preview:-1"},"canonical":"https:\/\/a-joint.uk\/it\/stuetzpunkthaendler-werden\/","og_locale":"it_IT","og_type":"article","og_title":"St\u00fctzpunkth\u00e4ndler werden - A-Joint","og_description":"Wir freuen uns auf Sie! Kontakt Telefonnummer 01909772302 E-Mail Adresse info@a-joint.uk Anschrift A.Cowley &amp; Sons LtdTurnerwoodNr Thorpe SalvinS80 3LA Worksop, Nottinghamshire \u00d6ffnungszeiten Monday \u2013 Friday\u00a0 8:00 am until 4:30 pm Saturday\u00a0 \u00a0 \u00a0 \u00a0 \u00a0 \u00a0 \u00a0 \u00a08:00 am until 1:00 pm","og_url":"https:\/\/a-joint.uk\/it\/stuetzpunkthaendler-werden\/","og_site_name":"A-Joint","article_modified_time":"2025-02-10T10:43:33+00:00","twitter_card":"summary_large_image","twitter_misc":{"Tempo di lettura stimato":"1 minuto"},"schema":{"@context":"https:\/\/schema.org","@graph":[{"@type":"WebPage","@id":"https:\/\/a-joint.uk\/stuetzpunkthaendler-werden\/","url":"https:\/\/a-joint.uk\/stuetzpunkthaendler-werden\/","name":"St\u00fctzpunkth\u00e4ndler werden - A-Joint","isPartOf":{"@id":"https:\/\/a-joint.uk\/#website"},"datePublished":"2025-02-10T10:43:00+00:00","dateModified":"2025-02-10T10:43:33+00:00","breadcrumb":{"@id":"https:\/\/a-joint.uk\/stuetzpunkthaendler-werden\/#breadcrumb"},"inLanguage":"it-IT","potentialAction":[{"@type":"ReadAction","target":["https:\/\/a-joint.uk\/stuetzpunkthaendler-werden\/"]}]},{"@type":"BreadcrumbList","@id":"https:\/\/a-joint.uk\/stuetzpunkthaendler-werden\/#breadcrumb","itemListElement":[{"@type":"ListItem","position":1,"name":"Startseite","item":"https:\/\/a-joint.uk\/"},{"@type":"ListItem","position":2,"name":"St\u00fctzpunkth\u00e4ndler werden"}]},{"@type":"WebSite","@id":"https:\/\/a-joint.uk\/#website","url":"https:\/\/a-joint.uk\/","name":"Giunto A","description":"Die Perfekte Fuge","publisher":{"@id":"https:\/\/a-joint.uk\/#organization"},"potentialAction":[{"@type":"SearchAction","target":{"@type":"EntryPoint","urlTemplate":"https:\/\/a-joint.uk\/?s={search_term_string}"},"query-input":{"@type":"PropertyValueSpecification","valueRequired":true,"valueName":"search_term_string"}}],"inLanguage":"it-IT"},{"@type":"Organization","@id":"https:\/\/a-joint.uk\/#organization","name":"A-JOINT GmbH","url":"https:\/\/a-joint.uk\/","logo":{"@type":"ImageObject","inLanguage":"it-IT","@id":"https:\/\/a-joint.uk\/#\/schema\/logo\/image\/","url":"https:\/\/a-joint.uk\/wp-content\/uploads\/2022\/03\/Logo-maintenance-120x305-1.png","contentUrl":"https:\/\/a-joint.uk\/wp-content\/uploads\/2022\/03\/Logo-maintenance-120x305-1.png","width":305,"height":120,"caption":"A-JOINT GmbH"},"image":{"@id":"https:\/\/a-joint.uk\/#\/schema\/logo\/image\/"}}]}},"_links":{"self":[{"href":"https:\/\/a-joint.uk\/it\/wp-json\/wp\/v2\/pages\/2433","targetHints":{"allow":["GET"]}}],"collection":[{"href":"https:\/\/a-joint.uk\/it\/wp-json\/wp\/v2\/pages"}],"about":[{"href":"https:\/\/a-joint.uk\/it\/wp-json\/wp\/v2\/types\/page"}],"author":[{"embeddable":true,"href":"https:\/\/a-joint.uk\/it\/wp-json\/wp\/v2\/users\/1"}],"replies":[{"embeddable":true,"href":"https:\/\/a-joint.uk\/it\/wp-json\/wp\/v2\/comments?post=2433"}],"version-history":[{"count":4,"href":"https:\/\/a-joint.uk\/it\/wp-json\/wp\/v2\/pages\/2433\/revisions"}],"predecessor-version":[{"id":2437,"href":"https:\/\/a-joint.uk\/it\/wp-json\/wp\/v2\/pages\/2433\/revisions\/2437"}],"wp:attachment":[{"href":"https:\/\/a-joint.uk\/it\/wp-json\/wp\/v2\/media?parent=2433"}],"curies":[{"name":"wp","href":"https:\/\/api.w.org\/{rel}","templated":true}]}}